{"id":1048,"date":"2021-11-18T16:12:19","date_gmt":"2021-11-18T15:12:19","guid":{"rendered":"https:\/\/ilovevirton.be\/?page_id=1048"},"modified":"2021-11-18T16:12:19","modified_gmt":"2021-11-18T15:12:19","slug":"itineraires-lorraine-gaumaise-n2-et-3","status":"publish","type":"page","link":"https:\/\/ilovevirton.be\/nl\/itineraires-lorraine-gaumaise-n2-et-3\/","title":{"rendered":"Itin\u00e9raires Lorraine Gaumaise n\u00b02 et 3"},"content":{"rendered":"<section id=\"bt_bb_section69df15ef2bc30\" class=\"bt_bb_section bt_bb_layout_boxed_1200 bt_bb_vertical_align_top bt_bb_top_spacing_extra_large bt_bb_bottom_spacing_normal\"  data-bt-override-class=\"null\"><div class=\"bt_bb_port\"><div class=\"bt_bb_cell\"><div class=\"bt_bb_cell_inner\"><div class=\"bt_bb_row\"  data-bt-override-class=\"{}\"><div class=\"bt_bb_row_holder\" ><div  class=\"bt_bb_column col-xxl-12 col-xl-12 col-xs-12 col-sm-12 col-md-12 col-lg-12 bt_bb_vertical_align_top bt_bb_align_left bt_bb_padding_normal\" style=\"; --column-width:12;\" data-width=\"12\" data-bt-override-class=\"{&quot;bt_bb_align_&quot;:{&quot;current_class&quot;:&quot;bt_bb_align_left&quot;,&quot;def&quot;:&quot;left&quot;,&quot;xl&quot;:&quot;left&quot;}}\"><div class=\"bt_bb_column_content\"><div class=\"bt_bb_column_content_inner\"><div class=\"bt_bb_separator bt_bb_border_style_none bt_bb_top_spacing_medium bt_bb_bottom_spacing_normal\" data-bt-override-class=\"null\"><\/div><header class=\"bt_bb_headline bt_bb_dash_none bt_bb_size_inherit bt_bb_align_left\" data-bt-override-class=\"{&quot;bt_bb_size_&quot;:{&quot;current_class&quot;:&quot;bt_bb_size_inherit&quot;,&quot;def&quot;:&quot;inherit&quot;,&quot;xl&quot;:&quot;inherit&quot;},&quot;bt_bb_align_&quot;:{&quot;current_class&quot;:&quot;bt_bb_align_left&quot;,&quot;def&quot;:&quot;left&quot;,&quot;xl&quot;:&quot;left&quot;}}\"><h4 class=\"bt_bb_headline_tag\"><span class=\"bt_bb_headline_content\"><span>Itin\u00e9raires Lorraine Gaumaise n\u00b02 et 3<br \/><br \/>\n<\/span><\/span><\/h4><\/header><\/div><\/div><\/div><\/div><\/div><div class=\"bt_bb_row\"  data-bt-override-class=\"{}\"><div class=\"bt_bb_row_holder\" ><div  class=\"bt_bb_column col-xxl-6 col-xl-6 col-xs-12 col-sm-6 col-md-6 col-lg-6 bt_bb_vertical_align_top bt_bb_align_left bt_bb_padding_normal\" style=\"; --column-width:6;\" data-width=\"6\" data-bt-override-class=\"{&quot;bt_bb_align_&quot;:{&quot;current_class&quot;:&quot;bt_bb_align_left&quot;,&quot;def&quot;:&quot;left&quot;,&quot;xl&quot;:&quot;left&quot;}}\"><div class=\"bt_bb_column_content\"><div class=\"bt_bb_column_content_inner\"><div class=\"bt_bb_separator bt_bb_border_style_none bt_bb_bottom_spacing_normal\" data-bt-override-class=\"null\"><\/div><div class=\"bt_bb_image bt_bb_shape_square bt_bb_target_self bt_bb_align_inherit bt_bb_hover_style_simple bt_bb_content_display_always bt_bb_content_align_middle\" data-bt-override-class=\"{&quot;bt_bb_align_&quot;:{&quot;current_class&quot;:&quot;bt_bb_align_inherit&quot;,&quot;def&quot;:&quot;inherit&quot;,&quot;xl&quot;:&quot;inherit&quot;}}\"><span><img fetchpriority=\"high\" decoding=\"async\" width=\"479\" height=\"473\" src=\"https:\/\/ilovevirton.be\/wp-content\/uploads\/2021\/10\/lorraine-gaumaise-carte-2.jpg\" class=\"attachment-full size-full\" alt=\"Mus\u00e9e gaumais\" data-full_image_src=\"https:\/\/ilovevirton.be\/wp-content\/uploads\/2021\/10\/lorraine-gaumaise-carte-2.jpg\" title=\"Mus\u00e9e gaumais\" loading=\"eager\" srcset=\"https:\/\/ilovevirton.be\/wp-content\/uploads\/2021\/10\/lorraine-gaumaise-carte-2.jpg 479w, https:\/\/ilovevirton.be\/wp-content\/uploads\/2021\/10\/lorraine-gaumaise-carte-2-320x316.jpg 320w\" sizes=\"(max-width: 479px) 100vw, 479px\" \/><\/span><\/div><div class=\"bt_bb_separator bt_bb_border_style_none bt_bb_bottom_spacing_normal\" data-bt-override-class=\"null\"><\/div><\/div><\/div><\/div><div  class=\"bt_bb_column col-xxl-6 col-xl-6 col-xs-12 col-sm-6 col-md-6 col-lg-6 bt_bb_vertical_align_top bt_bb_align_left bt_bb_padding_normal\" style=\"; --column-width:6;\" data-width=\"6\" data-bt-override-class=\"{}\"><div class=\"bt_bb_column_content\"><div class=\"bt_bb_column_content_inner\"><div class=\"bt_bb_separator bt_bb_border_style_none bt_bb_top_spacing_small\" data-bt-override-class=\"null\"><\/div><header class=\"bt_bb_headline bt_bb_dash_none bt_bb_subheadline bt_bb_size_inherit bt_bb_align_inherit\" data-bt-override-class=\"{&quot;bt_bb_size_&quot;:{&quot;current_class&quot;:&quot;bt_bb_size_inherit&quot;,&quot;def&quot;:&quot;inherit&quot;,&quot;xl&quot;:&quot;inherit&quot;},&quot;bt_bb_align_&quot;:{&quot;current_class&quot;:&quot;bt_bb_align_inherit&quot;,&quot;def&quot;:&quot;inherit&quot;,&quot;xl&quot;:&quot;inherit&quot;}}\"><div class=\"bt_bb_headline_subheadline\">Ces 2 boucles p\u00e9destres de 78 et 61 km sont pr\u00e9vues pour \u00eatre r\u00e9alis\u00e9es sur 1 \u00e0 3 jours.<\/p><br \/>\n<p><b>La boucle num\u00e9ro 2 \"L'Orval\"<\/b> est l\u2019occasion de d\u00e9couvrir notre charmante Gaume. Ses plateaux en pente douce, appel\u00e9s cuestas, vous r\u00e9servent quelques grimpettes et vues remarquables sur la campagne environnante enserr\u00e9e par la Semois, pour le plus grand plaisir des yeux !<\/p><br \/>\n<p><b>La boucle num\u00e9ro 3 \"La Butileuse\"<\/b> vous fera d\u00e9couvrir le riche pass\u00e9 industriel du terroir gaumais et l\u2019activit\u00e9 bourdonnante des ouvri\u00e8res d\u2019aujourd\u2019hui : Forges, r\u00e9serve domaniale, anciennes fonderies, vieux moulins, et \u00e0 Saint-L\u00e9ger, village du miel, un sentier didactique. Entre activit\u00e9s jadis florissantes et maintenant florif\u00e8res, \u00e0 vous de choisir !<\/div><\/header><div class=\"bt_bb_separator bt_bb_border_style_none bt_bb_bottom_spacing_normal\" data-bt-override-class=\"null\"><\/div><header class=\"bt_bb_headline bt_bb_dash_none bt_bb_size_inherit bt_bb_align_inherit\" data-bt-override-class=\"{&quot;bt_bb_size_&quot;:{&quot;current_class&quot;:&quot;bt_bb_size_inherit&quot;,&quot;def&quot;:&quot;inherit&quot;,&quot;xl&quot;:&quot;inherit&quot;},&quot;bt_bb_align_&quot;:{&quot;current_class&quot;:&quot;bt_bb_align_inherit&quot;,&quot;def&quot;:&quot;inherit&quot;,&quot;xl&quot;:&quot;inherit&quot;}}\"><h6 class=\"bt_bb_headline_tag\"><span class=\"bt_bb_headline_content\"><span>Informations<\/span><\/span><\/h6><\/header><div class=\"bt_bb_separator bt_bb_border_style_none bt_bb_top_spacing_small\" data-bt-override-class=\"null\"><\/div><div class=\"bt_bb_button bt_bb_color_scheme_3 bt_bb_icon_position_left bt_bb_style_outline bt_bb_size_small bt_bb_width_inline bt_bb_shape_inherit bt_bb_target_blank bt_bb_align_inherit\" style=\"; --primary-color:#ffda49; --secondary-color:#181818;\" data-bt-override-class=\"{&quot;bt_bb_size_&quot;:{&quot;current_class&quot;:&quot;bt_bb_size_small&quot;,&quot;def&quot;:&quot;small&quot;,&quot;xl&quot;:&quot;small&quot;},&quot;bt_bb_align_&quot;:{&quot;current_class&quot;:&quot;bt_bb_align_inherit&quot;,&quot;def&quot;:&quot;inherit&quot;,&quot;xl&quot;:&quot;inherit&quot;}}\"><a href=\"https:\/\/randos.lorraine-gaumaise.com\/fr\/circuits.html\" target=\"_blank\" class=\"bt_bb_link\" title=\"Itin\u00e9raire\"><span class=\"bt_bb_button_text\" >Itin\u00e9raire<\/span><span  data-ico-fontawesome5solid=\"&#xf554;\" class=\"bt_bb_icon_holder\"><\/span><\/a><\/div><div class=\"bt_bb_separator bt_bb_border_style_none bt_bb_top_spacing_large bt_bb_bottom_spacing_large\" data-bt-override-class=\"null\"><\/div><\/div><\/div><\/div><\/div><\/div><\/div><!-- cell_inner --><\/div><!-- cell --><\/div><!-- port --><\/section>","protected":false},"excerpt":{"rendered":"","protected":false},"author":1,"featured_media":0,"parent":0,"menu_order":0,"comment_status":"closed","ping_status":"closed","template":"","meta":{"footnotes":""},"class_list":["post-1048","page","type-page","status-publish","hentry"],"yoast_head":"<!-- This site is optimized with the Yoast SEO plugin v20.7 - https:\/\/yoast.com\/wordpress\/plugins\/seo\/ -->\n<title>Itin\u00e9raires Lorraine Gaumaise n\u00b02 et 3 - Syndicat d&#039;initiative de Virton<\/title>\n<meta name=\"robots\" content=\"index, follow, max-snippet:-1, max-image-preview:large, max-video-preview:-1\" \/>\n<link rel=\"canonical\" href=\"https:\/\/ilovevirton.be\/nl\/itineraires-lorraine-gaumaise-n2-et-3\/\" \/>\n<meta property=\"og:locale\" content=\"nl_NL\" \/>\n<meta property=\"og:type\" content=\"article\" \/>\n<meta property=\"og:title\" content=\"Itin\u00e9raires Lorraine Gaumaise n\u00b02 et 3 - Syndicat d&#039;initiative de Virton\" \/>\n<meta property=\"og:url\" content=\"https:\/\/ilovevirton.be\/nl\/itineraires-lorraine-gaumaise-n2-et-3\/\" \/>\n<meta property=\"og:site_name\" content=\"Syndicat d&#039;initiative de Virton\" \/>\n<meta property=\"article:publisher\" content=\"https:\/\/www.facebook.com\/sivirton\" \/>\n<meta name=\"twitter:card\" content=\"summary_large_image\" \/>\n<meta name=\"twitter:label1\" content=\"Geschatte leestijd\" \/>\n\t<meta name=\"twitter:data1\" content=\"2 minuten\" \/>\n<script type=\"application\/ld+json\" class=\"yoast-schema-graph\">{\"@context\":\"https:\/\/schema.org\",\"@graph\":[{\"@type\":\"WebPage\",\"@id\":\"https:\/\/ilovevirton.be\/itineraires-lorraine-gaumaise-n2-et-3\/\",\"url\":\"https:\/\/ilovevirton.be\/itineraires-lorraine-gaumaise-n2-et-3\/\",\"name\":\"Itin\u00e9raires Lorraine Gaumaise n\u00b02 et 3 - Syndicat d&#039;initiative de Virton\",\"isPartOf\":{\"@id\":\"https:\/\/ilovevirton.be\/#website\"},\"datePublished\":\"2021-11-18T15:12:19+00:00\",\"dateModified\":\"2021-11-18T15:12:19+00:00\",\"breadcrumb\":{\"@id\":\"https:\/\/ilovevirton.be\/itineraires-lorraine-gaumaise-n2-et-3\/#breadcrumb\"},\"inLanguage\":\"nl-NL\",\"potentialAction\":[{\"@type\":\"ReadAction\",\"target\":[\"https:\/\/ilovevirton.be\/itineraires-lorraine-gaumaise-n2-et-3\/\"]}]},{\"@type\":\"BreadcrumbList\",\"@id\":\"https:\/\/ilovevirton.be\/itineraires-lorraine-gaumaise-n2-et-3\/#breadcrumb\",\"itemListElement\":[{\"@type\":\"ListItem\",\"position\":1,\"name\":\"Accueil\",\"item\":\"https:\/\/ilovevirton.be\/\"},{\"@type\":\"ListItem\",\"position\":2,\"name\":\"Itin\u00e9raires Lorraine Gaumaise n\u00b02 et 3\"}]},{\"@type\":\"WebSite\",\"@id\":\"https:\/\/ilovevirton.be\/#website\",\"url\":\"https:\/\/ilovevirton.be\/\",\"name\":\"ilovevirton\",\"description\":\"I Love Virton\",\"publisher\":{\"@id\":\"https:\/\/ilovevirton.be\/#organization\"},\"potentialAction\":[{\"@type\":\"SearchAction\",\"target\":{\"@type\":\"EntryPoint\",\"urlTemplate\":\"https:\/\/ilovevirton.be\/?s={search_term_string}\"},\"query-input\":\"required name=search_term_string\"}],\"inLanguage\":\"nl-NL\"},{\"@type\":\"Organization\",\"@id\":\"https:\/\/ilovevirton.be\/#organization\",\"name\":\"Syndicat d'initiative de Virton\",\"url\":\"https:\/\/ilovevirton.be\/\",\"logo\":{\"@type\":\"ImageObject\",\"inLanguage\":\"nl-NL\",\"@id\":\"https:\/\/ilovevirton.be\/#\/schema\/logo\/image\/\",\"url\":\"https:\/\/ilovevirton.be\/wp-content\/uploads\/2025\/02\/SI-vecto-seul-transparent.png\",\"contentUrl\":\"https:\/\/ilovevirton.be\/wp-content\/uploads\/2025\/02\/SI-vecto-seul-transparent.png\",\"width\":2481,\"height\":3508,\"caption\":\"Syndicat d'initiative de Virton\"},\"image\":{\"@id\":\"https:\/\/ilovevirton.be\/#\/schema\/logo\/image\/\"},\"sameAs\":[\"https:\/\/www.facebook.com\/sivirton\"]}]}<\/script>\n<!-- \/ Yoast SEO plugin. -->","yoast_head_json":{"title":"Itin\u00e9raires Lorraine Gaumaise n\u00b02 et 3 - Syndicat d&#039;initiative de Virton","robots":{"index":"index","follow":"follow","max-snippet":"max-snippet:-1","max-image-preview":"max-image-preview:large","max-video-preview":"max-video-preview:-1"},"canonical":"https:\/\/ilovevirton.be\/nl\/itineraires-lorraine-gaumaise-n2-et-3\/","og_locale":"nl_NL","og_type":"article","og_title":"Itin\u00e9raires Lorraine Gaumaise n\u00b02 et 3 - Syndicat d&#039;initiative de Virton","og_url":"https:\/\/ilovevirton.be\/nl\/itineraires-lorraine-gaumaise-n2-et-3\/","og_site_name":"Syndicat d&#039;initiative de Virton","article_publisher":"https:\/\/www.facebook.com\/sivirton","twitter_card":"summary_large_image","twitter_misc":{"Geschatte leestijd":"2 minuten"},"schema":{"@context":"https:\/\/schema.org","@graph":[{"@type":"WebPage","@id":"https:\/\/ilovevirton.be\/itineraires-lorraine-gaumaise-n2-et-3\/","url":"https:\/\/ilovevirton.be\/itineraires-lorraine-gaumaise-n2-et-3\/","name":"Itin\u00e9raires Lorraine Gaumaise n\u00b02 et 3 - Syndicat d&#039;initiative de Virton","isPartOf":{"@id":"https:\/\/ilovevirton.be\/#website"},"datePublished":"2021-11-18T15:12:19+00:00","dateModified":"2021-11-18T15:12:19+00:00","breadcrumb":{"@id":"https:\/\/ilovevirton.be\/itineraires-lorraine-gaumaise-n2-et-3\/#breadcrumb"},"inLanguage":"nl-NL","potentialAction":[{"@type":"ReadAction","target":["https:\/\/ilovevirton.be\/itineraires-lorraine-gaumaise-n2-et-3\/"]}]},{"@type":"BreadcrumbList","@id":"https:\/\/ilovevirton.be\/itineraires-lorraine-gaumaise-n2-et-3\/#breadcrumb","itemListElement":[{"@type":"ListItem","position":1,"name":"Accueil","item":"https:\/\/ilovevirton.be\/"},{"@type":"ListItem","position":2,"name":"Itin\u00e9raires Lorraine Gaumaise n\u00b02 et 3"}]},{"@type":"WebSite","@id":"https:\/\/ilovevirton.be\/#website","url":"https:\/\/ilovevirton.be\/","name":"ilovevirton","description":"I Love Virton","publisher":{"@id":"https:\/\/ilovevirton.be\/#organization"},"potentialAction":[{"@type":"SearchAction","target":{"@type":"EntryPoint","urlTemplate":"https:\/\/ilovevirton.be\/?s={search_term_string}"},"query-input":"required name=search_term_string"}],"inLanguage":"nl-NL"},{"@type":"Organization","@id":"https:\/\/ilovevirton.be\/#organization","name":"Syndicat d'initiative de Virton","url":"https:\/\/ilovevirton.be\/","logo":{"@type":"ImageObject","inLanguage":"nl-NL","@id":"https:\/\/ilovevirton.be\/#\/schema\/logo\/image\/","url":"https:\/\/ilovevirton.be\/wp-content\/uploads\/2025\/02\/SI-vecto-seul-transparent.png","contentUrl":"https:\/\/ilovevirton.be\/wp-content\/uploads\/2025\/02\/SI-vecto-seul-transparent.png","width":2481,"height":3508,"caption":"Syndicat d'initiative de Virton"},"image":{"@id":"https:\/\/ilovevirton.be\/#\/schema\/logo\/image\/"},"sameAs":["https:\/\/www.facebook.com\/sivirton"]}]}},"_links":{"self":[{"href":"https:\/\/ilovevirton.be\/nl\/wp-json\/wp\/v2\/pages\/1048","targetHints":{"allow":["GET"]}}],"collection":[{"href":"https:\/\/ilovevirton.be\/nl\/wp-json\/wp\/v2\/pages"}],"about":[{"href":"https:\/\/ilovevirton.be\/nl\/wp-json\/wp\/v2\/types\/page"}],"author":[{"embeddable":true,"href":"https:\/\/ilovevirton.be\/nl\/wp-json\/wp\/v2\/users\/1"}],"replies":[{"embeddable":true,"href":"https:\/\/ilovevirton.be\/nl\/wp-json\/wp\/v2\/comments?post=1048"}],"version-history":[{"count":1,"href":"https:\/\/ilovevirton.be\/nl\/wp-json\/wp\/v2\/pages\/1048\/revisions"}],"predecessor-version":[{"id":1049,"href":"https:\/\/ilovevirton.be\/nl\/wp-json\/wp\/v2\/pages\/1048\/revisions\/1049"}],"wp:attachment":[{"href":"https:\/\/ilovevirton.be\/nl\/wp-json\/wp\/v2\/media?parent=1048"}],"curies":[{"name":"wp","href":"https:\/\/api.w.org\/{rel}","templated":true}]}}