{"id":1086,"date":"2021-11-19T12:03:51","date_gmt":"2021-11-19T11:03:51","guid":{"rendered":"https:\/\/ilovevirton.be\/?page_id=1086"},"modified":"2021-11-19T12:03:51","modified_gmt":"2021-11-19T11:03:51","slug":"presquile","status":"publish","type":"page","link":"https:\/\/ilovevirton.be\/nl\/presquile\/","title":{"rendered":"Presqu&#8217;\u00eele"},"content":{"rendered":"<section id=\"bt_bb_section69d5b83e6cf75\" class=\"bt_bb_section bt_bb_layout_boxed_1200 bt_bb_vertical_align_top bt_bb_top_spacing_extra_large bt_bb_bottom_spacing_normal\"  data-bt-override-class=\"null\"><div class=\"bt_bb_port\"><div class=\"bt_bb_cell\"><div class=\"bt_bb_cell_inner\"><div class=\"bt_bb_row\"  data-bt-override-class=\"{}\"><div class=\"bt_bb_row_holder\" ><div  class=\"bt_bb_column col-xxl-12 col-xl-12 col-xs-12 col-sm-12 col-md-12 col-lg-12 bt_bb_vertical_align_top bt_bb_align_left bt_bb_padding_normal\" style=\"; --column-width:12;\" data-width=\"12\" data-bt-override-class=\"{&quot;bt_bb_align_&quot;:{&quot;current_class&quot;:&quot;bt_bb_align_left&quot;,&quot;def&quot;:&quot;left&quot;,&quot;xl&quot;:&quot;left&quot;}}\"><div class=\"bt_bb_column_content\"><div class=\"bt_bb_column_content_inner\"><div class=\"bt_bb_separator bt_bb_border_style_none bt_bb_top_spacing_medium bt_bb_bottom_spacing_normal\" data-bt-override-class=\"null\"><\/div><header class=\"bt_bb_headline bt_bb_dash_none bt_bb_size_inherit bt_bb_align_left\" data-bt-override-class=\"{&quot;bt_bb_size_&quot;:{&quot;current_class&quot;:&quot;bt_bb_size_inherit&quot;,&quot;def&quot;:&quot;inherit&quot;,&quot;xl&quot;:&quot;inherit&quot;},&quot;bt_bb_align_&quot;:{&quot;current_class&quot;:&quot;bt_bb_align_left&quot;,&quot;def&quot;:&quot;left&quot;,&quot;xl&quot;:&quot;left&quot;}}\"><h4 class=\"bt_bb_headline_tag\"><span class=\"bt_bb_headline_content\"><span>Presqu'\u00eele<br \/><br \/>\n<\/span><\/span><\/h4><\/header><\/div><\/div><\/div><\/div><\/div><div class=\"bt_bb_row\"  data-bt-override-class=\"{}\"><div class=\"bt_bb_row_holder\" ><div  class=\"bt_bb_column col-xxl-6 col-xl-6 col-xs-12 col-sm-6 col-md-6 col-lg-6 bt_bb_vertical_align_top bt_bb_align_left bt_bb_padding_normal\" style=\"; --column-width:6;\" data-width=\"6\" data-bt-override-class=\"{&quot;bt_bb_align_&quot;:{&quot;current_class&quot;:&quot;bt_bb_align_left&quot;,&quot;def&quot;:&quot;left&quot;,&quot;xl&quot;:&quot;left&quot;}}\"><div class=\"bt_bb_column_content\"><div class=\"bt_bb_column_content_inner\"><div class=\"bt_bb_separator bt_bb_border_style_none bt_bb_bottom_spacing_normal\" data-bt-override-class=\"null\"><\/div><div class=\"bt_bb_image bt_bb_shape_square bt_bb_target_self bt_bb_align_inherit bt_bb_hover_style_simple bt_bb_content_display_always bt_bb_content_align_middle\" data-bt-override-class=\"{&quot;bt_bb_align_&quot;:{&quot;current_class&quot;:&quot;bt_bb_align_inherit&quot;,&quot;def&quot;:&quot;inherit&quot;,&quot;xl&quot;:&quot;inherit&quot;}}\"><span><img fetchpriority=\"high\" decoding=\"async\" width=\"664\" height=\"498\" src=\"https:\/\/ilovevirton.be\/wp-content\/uploads\/2021\/10\/presquile-virton.jpg\" class=\"attachment-full size-full\" alt=\"Mus\u00e9e gaumais\" data-full_image_src=\"https:\/\/ilovevirton.be\/wp-content\/uploads\/2021\/10\/presquile-virton.jpg\" title=\"Mus\u00e9e gaumais\" loading=\"eager\" srcset=\"https:\/\/ilovevirton.be\/wp-content\/uploads\/2021\/10\/presquile-virton.jpg 664w, https:\/\/ilovevirton.be\/wp-content\/uploads\/2021\/10\/presquile-virton-640x480.jpg 640w, https:\/\/ilovevirton.be\/wp-content\/uploads\/2021\/10\/presquile-virton-320x240.jpg 320w\" sizes=\"(max-width: 664px) 100vw, 664px\" \/><\/span><\/div><div class=\"bt_bb_separator bt_bb_border_style_none bt_bb_bottom_spacing_normal\" data-bt-override-class=\"null\"><\/div><\/div><\/div><\/div><div  class=\"bt_bb_column col-xxl-6 col-xl-6 col-xs-12 col-sm-6 col-md-6 col-lg-6 bt_bb_vertical_align_top bt_bb_align_left bt_bb_padding_normal\" style=\"; --column-width:6;\" data-width=\"6\" data-bt-override-class=\"{}\"><div class=\"bt_bb_column_content\"><div class=\"bt_bb_column_content_inner\"><div class=\"bt_bb_separator bt_bb_border_style_none bt_bb_top_spacing_small\" data-bt-override-class=\"null\"><\/div><header class=\"bt_bb_headline bt_bb_dash_none bt_bb_subheadline bt_bb_size_inherit bt_bb_align_inherit\" data-bt-override-class=\"{&quot;bt_bb_size_&quot;:{&quot;current_class&quot;:&quot;bt_bb_size_inherit&quot;,&quot;def&quot;:&quot;inherit&quot;,&quot;xl&quot;:&quot;inherit&quot;},&quot;bt_bb_align_&quot;:{&quot;current_class&quot;:&quot;bt_bb_align_inherit&quot;,&quot;def&quot;:&quot;inherit&quot;,&quot;xl&quot;:&quot;inherit&quot;}}\"><div class=\"bt_bb_headline_subheadline\">R\u00eaver dans un bain \u00e0 bulles, se ressourcer dans un hammam, quoi de plus relaxant ? D\u00e9couvrez tous les bienfaits des espaces wellness de Gaume.<\/p><br \/>\n<p>Un espace d\u00e9di\u00e9 \u00e0 la d\u00e9tente, au bien-\u00eatre et aux soins sp\u00e9cialis\u00e9s. Piscine chauff\u00e9e, hydromassage, hammam, sauna, douche sensorielle et sun shower peuvent compl\u00e9ter vos soins.<\/div><\/header><div class=\"bt_bb_separator bt_bb_border_style_none bt_bb_bottom_spacing_normal\" data-bt-override-class=\"null\"><\/div><header class=\"bt_bb_headline bt_bb_dash_none bt_bb_subheadline bt_bb_size_inherit bt_bb_align_inherit\" data-bt-override-class=\"{&quot;bt_bb_size_&quot;:{&quot;current_class&quot;:&quot;bt_bb_size_inherit&quot;,&quot;def&quot;:&quot;inherit&quot;,&quot;xl&quot;:&quot;inherit&quot;},&quot;bt_bb_align_&quot;:{&quot;current_class&quot;:&quot;bt_bb_align_inherit&quot;,&quot;def&quot;:&quot;inherit&quot;,&quot;xl&quot;:&quot;inherit&quot;}}\"><h6 class=\"bt_bb_headline_tag\"><span class=\"bt_bb_headline_content\"><span>Informations<\/span><\/span><\/h6><div class=\"bt_bb_headline_subheadline\">Rue d\u2019Arlon, 81<br \/><br \/>\n6760 Virton<\/div><\/header><div class=\"bt_bb_separator bt_bb_border_style_none bt_bb_bottom_spacing_extra_small\" data-bt-override-class=\"null\"><\/div><div class=\"bt_bb_icon bt_bb_style_borderless bt_bb_size_small bt_bb_shape_circle bt_bb_align_inherit\" data-bt-override-class=\"null\"><span  data-ico-fontawesome=\"&#xf095;\" class=\"bt_bb_icon_holder\"><span>063\/58 11 07<\/span><\/span><\/div><div class=\"bt_bb_separator bt_bb_border_style_none bt_bb_bottom_spacing_extra_small\" data-bt-override-class=\"null\"><\/div><div class=\"bt_bb_icon bt_bb_color_scheme_5 bt_bb_style_borderless bt_bb_size_small bt_bb_shape_circle bt_bb_align_inherit\" style=\"; --icon-primary-color:#181818; --icon-secondary-color:#ffda49;\" data-bt-override-class=\"null\"><a href=\"https:\/\/lapresquilevirton.be\/\"  target=\"_blank\" data-ico-essential=\"&#xe99f;\" class=\"bt_bb_icon_holder\"><span>www.lapresquilevirton.be<\/span><\/a><\/div><div class=\"bt_bb_separator bt_bb_border_style_none bt_bb_top_spacing_large bt_bb_bottom_spacing_large\" data-bt-override-class=\"null\"><\/div><\/div><\/div><\/div><\/div><\/div><\/div><!-- cell_inner --><\/div><!-- cell --><\/div><!-- port --><\/section>","protected":false},"excerpt":{"rendered":"","protected":false},"author":1,"featured_media":0,"parent":0,"menu_order":0,"comment_status":"closed","ping_status":"closed","template":"","meta":{"footnotes":""},"class_list":["post-1086","page","type-page","status-publish","hentry"],"yoast_head":"<!-- This site is optimized with the Yoast SEO plugin v20.7 - https:\/\/yoast.com\/wordpress\/plugins\/seo\/ -->\n<title>Presqu&#039;\u00eele - Syndicat d&#039;initiative de Virton<\/title>\n<meta name=\"robots\" content=\"index, follow, max-snippet:-1, max-image-preview:large, max-video-preview:-1\" \/>\n<link rel=\"canonical\" href=\"https:\/\/ilovevirton.be\/nl\/presquile\/\" \/>\n<meta property=\"og:locale\" content=\"nl_NL\" \/>\n<meta property=\"og:type\" content=\"article\" \/>\n<meta property=\"og:title\" content=\"Presqu&#039;\u00eele - Syndicat d&#039;initiative de Virton\" \/>\n<meta property=\"og:url\" content=\"https:\/\/ilovevirton.be\/nl\/presquile\/\" \/>\n<meta property=\"og:site_name\" content=\"Syndicat d&#039;initiative de Virton\" \/>\n<meta property=\"article:publisher\" content=\"https:\/\/www.facebook.com\/sivirton\" \/>\n<meta name=\"twitter:card\" content=\"summary_large_image\" \/>\n<meta name=\"twitter:label1\" content=\"Geschatte leestijd\" \/>\n\t<meta name=\"twitter:data1\" content=\"4 minuten\" \/>\n<script type=\"application\/ld+json\" class=\"yoast-schema-graph\">{\"@context\":\"https:\/\/schema.org\",\"@graph\":[{\"@type\":\"WebPage\",\"@id\":\"https:\/\/ilovevirton.be\/presquile\/\",\"url\":\"https:\/\/ilovevirton.be\/presquile\/\",\"name\":\"Presqu'\u00eele - Syndicat d&#039;initiative de Virton\",\"isPartOf\":{\"@id\":\"https:\/\/ilovevirton.be\/#website\"},\"datePublished\":\"2021-11-19T11:03:51+00:00\",\"dateModified\":\"2021-11-19T11:03:51+00:00\",\"breadcrumb\":{\"@id\":\"https:\/\/ilovevirton.be\/presquile\/#breadcrumb\"},\"inLanguage\":\"nl-NL\",\"potentialAction\":[{\"@type\":\"ReadAction\",\"target\":[\"https:\/\/ilovevirton.be\/presquile\/\"]}]},{\"@type\":\"BreadcrumbList\",\"@id\":\"https:\/\/ilovevirton.be\/presquile\/#breadcrumb\",\"itemListElement\":[{\"@type\":\"ListItem\",\"position\":1,\"name\":\"Accueil\",\"item\":\"https:\/\/ilovevirton.be\/\"},{\"@type\":\"ListItem\",\"position\":2,\"name\":\"Presqu&#8217;\u00eele\"}]},{\"@type\":\"WebSite\",\"@id\":\"https:\/\/ilovevirton.be\/#website\",\"url\":\"https:\/\/ilovevirton.be\/\",\"name\":\"ilovevirton\",\"description\":\"I Love Virton\",\"publisher\":{\"@id\":\"https:\/\/ilovevirton.be\/#organization\"},\"potentialAction\":[{\"@type\":\"SearchAction\",\"target\":{\"@type\":\"EntryPoint\",\"urlTemplate\":\"https:\/\/ilovevirton.be\/?s={search_term_string}\"},\"query-input\":\"required name=search_term_string\"}],\"inLanguage\":\"nl-NL\"},{\"@type\":\"Organization\",\"@id\":\"https:\/\/ilovevirton.be\/#organization\",\"name\":\"Syndicat d'initiative de Virton\",\"url\":\"https:\/\/ilovevirton.be\/\",\"logo\":{\"@type\":\"ImageObject\",\"inLanguage\":\"nl-NL\",\"@id\":\"https:\/\/ilovevirton.be\/#\/schema\/logo\/image\/\",\"url\":\"https:\/\/ilovevirton.be\/wp-content\/uploads\/2025\/02\/SI-vecto-seul-transparent.png\",\"contentUrl\":\"https:\/\/ilovevirton.be\/wp-content\/uploads\/2025\/02\/SI-vecto-seul-transparent.png\",\"width\":2481,\"height\":3508,\"caption\":\"Syndicat d'initiative de Virton\"},\"image\":{\"@id\":\"https:\/\/ilovevirton.be\/#\/schema\/logo\/image\/\"},\"sameAs\":[\"https:\/\/www.facebook.com\/sivirton\"]}]}<\/script>\n<!-- \/ Yoast SEO plugin. -->","yoast_head_json":{"title":"Presqu'\u00eele - Syndicat d&#039;initiative de Virton","robots":{"index":"index","follow":"follow","max-snippet":"max-snippet:-1","max-image-preview":"max-image-preview:large","max-video-preview":"max-video-preview:-1"},"canonical":"https:\/\/ilovevirton.be\/nl\/presquile\/","og_locale":"nl_NL","og_type":"article","og_title":"Presqu'\u00eele - Syndicat d&#039;initiative de Virton","og_url":"https:\/\/ilovevirton.be\/nl\/presquile\/","og_site_name":"Syndicat d&#039;initiative de Virton","article_publisher":"https:\/\/www.facebook.com\/sivirton","twitter_card":"summary_large_image","twitter_misc":{"Geschatte leestijd":"4 minuten"},"schema":{"@context":"https:\/\/schema.org","@graph":[{"@type":"WebPage","@id":"https:\/\/ilovevirton.be\/presquile\/","url":"https:\/\/ilovevirton.be\/presquile\/","name":"Presqu'\u00eele - Syndicat d&#039;initiative de Virton","isPartOf":{"@id":"https:\/\/ilovevirton.be\/#website"},"datePublished":"2021-11-19T11:03:51+00:00","dateModified":"2021-11-19T11:03:51+00:00","breadcrumb":{"@id":"https:\/\/ilovevirton.be\/presquile\/#breadcrumb"},"inLanguage":"nl-NL","potentialAction":[{"@type":"ReadAction","target":["https:\/\/ilovevirton.be\/presquile\/"]}]},{"@type":"BreadcrumbList","@id":"https:\/\/ilovevirton.be\/presquile\/#breadcrumb","itemListElement":[{"@type":"ListItem","position":1,"name":"Accueil","item":"https:\/\/ilovevirton.be\/"},{"@type":"ListItem","position":2,"name":"Presqu&#8217;\u00eele"}]},{"@type":"WebSite","@id":"https:\/\/ilovevirton.be\/#website","url":"https:\/\/ilovevirton.be\/","name":"ilovevirton","description":"I Love Virton","publisher":{"@id":"https:\/\/ilovevirton.be\/#organization"},"potentialAction":[{"@type":"SearchAction","target":{"@type":"EntryPoint","urlTemplate":"https:\/\/ilovevirton.be\/?s={search_term_string}"},"query-input":"required name=search_term_string"}],"inLanguage":"nl-NL"},{"@type":"Organization","@id":"https:\/\/ilovevirton.be\/#organization","name":"Syndicat d'initiative de Virton","url":"https:\/\/ilovevirton.be\/","logo":{"@type":"ImageObject","inLanguage":"nl-NL","@id":"https:\/\/ilovevirton.be\/#\/schema\/logo\/image\/","url":"https:\/\/ilovevirton.be\/wp-content\/uploads\/2025\/02\/SI-vecto-seul-transparent.png","contentUrl":"https:\/\/ilovevirton.be\/wp-content\/uploads\/2025\/02\/SI-vecto-seul-transparent.png","width":2481,"height":3508,"caption":"Syndicat d'initiative de Virton"},"image":{"@id":"https:\/\/ilovevirton.be\/#\/schema\/logo\/image\/"},"sameAs":["https:\/\/www.facebook.com\/sivirton"]}]}},"_links":{"self":[{"href":"https:\/\/ilovevirton.be\/nl\/wp-json\/wp\/v2\/pages\/1086","targetHints":{"allow":["GET"]}}],"collection":[{"href":"https:\/\/ilovevirton.be\/nl\/wp-json\/wp\/v2\/pages"}],"about":[{"href":"https:\/\/ilovevirton.be\/nl\/wp-json\/wp\/v2\/types\/page"}],"author":[{"embeddable":true,"href":"https:\/\/ilovevirton.be\/nl\/wp-json\/wp\/v2\/users\/1"}],"replies":[{"embeddable":true,"href":"https:\/\/ilovevirton.be\/nl\/wp-json\/wp\/v2\/comments?post=1086"}],"version-history":[{"count":1,"href":"https:\/\/ilovevirton.be\/nl\/wp-json\/wp\/v2\/pages\/1086\/revisions"}],"predecessor-version":[{"id":1087,"href":"https:\/\/ilovevirton.be\/nl\/wp-json\/wp\/v2\/pages\/1086\/revisions\/1087"}],"wp:attachment":[{"href":"https:\/\/ilovevirton.be\/nl\/wp-json\/wp\/v2\/media?parent=1086"}],"curies":[{"name":"wp","href":"https:\/\/api.w.org\/{rel}","templated":true}]}}