{"id":598,"date":"2021-08-20T14:18:08","date_gmt":"2021-08-20T12:18:08","guid":{"rendered":"https:\/\/ilovevirton.be\/?page_id=598"},"modified":"2021-08-20T14:18:08","modified_gmt":"2021-08-20T12:18:08","slug":"chapelle-maron-a-vieux-virton","status":"publish","type":"page","link":"https:\/\/ilovevirton.be\/nl\/chapelle-maron-a-vieux-virton\/","title":{"rendered":"Chapelle Maron \u00e0 Vieux-Virton"},"content":{"rendered":"<section id=\"bt_bb_section6a00a8bb1a0c0\" class=\"bt_bb_section bt_bb_layout_boxed_1200 bt_bb_vertical_align_top bt_bb_top_spacing_extra_large bt_bb_bottom_spacing_normal\"  data-bt-override-class=\"null\"><div class=\"bt_bb_port\"><div class=\"bt_bb_cell\"><div class=\"bt_bb_cell_inner\"><div class=\"bt_bb_row\"  data-bt-override-class=\"{}\"><div class=\"bt_bb_row_holder\" ><div  class=\"bt_bb_column col-xxl-12 col-xl-12 col-xs-12 col-sm-12 col-md-12 col-lg-12 bt_bb_vertical_align_top bt_bb_align_left bt_bb_padding_normal\" style=\"; --column-width:12;\" data-width=\"12\" data-bt-override-class=\"{&quot;bt_bb_align_&quot;:{&quot;current_class&quot;:&quot;bt_bb_align_left&quot;,&quot;def&quot;:&quot;left&quot;,&quot;xl&quot;:&quot;left&quot;}}\"><div class=\"bt_bb_column_content\"><div class=\"bt_bb_column_content_inner\"><div class=\"bt_bb_separator bt_bb_border_style_none bt_bb_top_spacing_medium bt_bb_bottom_spacing_normal\" data-bt-override-class=\"null\"><\/div><header class=\"bt_bb_headline bt_bb_dash_none bt_bb_size_inherit bt_bb_align_left\" data-bt-override-class=\"{&quot;bt_bb_size_&quot;:{&quot;current_class&quot;:&quot;bt_bb_size_inherit&quot;,&quot;def&quot;:&quot;inherit&quot;,&quot;xl&quot;:&quot;inherit&quot;},&quot;bt_bb_align_&quot;:{&quot;current_class&quot;:&quot;bt_bb_align_left&quot;,&quot;def&quot;:&quot;left&quot;,&quot;xl&quot;:&quot;left&quot;}}\"><h4 class=\"bt_bb_headline_tag\"><span class=\"bt_bb_headline_content\"><span>Chapelle Maron \u00e0 Vieux-Virton<\/span><\/span><\/h4><\/header><\/div><\/div><\/div><\/div><\/div><div class=\"bt_bb_row\"  data-bt-override-class=\"{}\"><div class=\"bt_bb_row_holder\" ><div  class=\"bt_bb_column col-xxl-6 col-xl-6 col-xs-12 col-sm-6 col-md-6 col-lg-6 bt_bb_vertical_align_top bt_bb_align_left bt_bb_padding_normal\" style=\"; --column-width:6;\" data-width=\"6\" data-bt-override-class=\"{&quot;bt_bb_align_&quot;:{&quot;current_class&quot;:&quot;bt_bb_align_left&quot;,&quot;def&quot;:&quot;left&quot;,&quot;xl&quot;:&quot;left&quot;}}\"><div class=\"bt_bb_column_content\"><div class=\"bt_bb_column_content_inner\"><div class=\"bt_bb_separator bt_bb_border_style_none bt_bb_bottom_spacing_normal\" data-bt-override-class=\"null\"><\/div><div class=\"bt_bb_image bt_bb_shape_square bt_bb_target_self bt_bb_align_inherit bt_bb_hover_style_simple bt_bb_content_display_always bt_bb_content_align_middle\" data-bt-override-class=\"{&quot;bt_bb_align_&quot;:{&quot;current_class&quot;:&quot;bt_bb_align_inherit&quot;,&quot;def&quot;:&quot;inherit&quot;,&quot;xl&quot;:&quot;inherit&quot;}}\"><span><img fetchpriority=\"high\" decoding=\"async\" width=\"2560\" height=\"1707\" src=\"https:\/\/ilovevirton.be\/wp-content\/uploads\/2021\/07\/20-Chapelle-des-Marons-1-scaled.jpg\" class=\"attachment-full size-full\" alt=\"Mus\u00e9e gaumais\" data-full_image_src=\"https:\/\/ilovevirton.be\/wp-content\/uploads\/2021\/07\/20-Chapelle-des-Marons-1-scaled.jpg\" title=\"Mus\u00e9e gaumais\" loading=\"eager\" srcset=\"https:\/\/ilovevirton.be\/wp-content\/uploads\/2021\/07\/20-Chapelle-des-Marons-1-scaled.jpg 2560w, https:\/\/ilovevirton.be\/wp-content\/uploads\/2021\/07\/20-Chapelle-des-Marons-1-640x427.jpg 640w, https:\/\/ilovevirton.be\/wp-content\/uploads\/2021\/07\/20-Chapelle-des-Marons-1-1280x853.jpg 1280w, https:\/\/ilovevirton.be\/wp-content\/uploads\/2021\/07\/20-Chapelle-des-Marons-1-768x512.jpg 768w, https:\/\/ilovevirton.be\/wp-content\/uploads\/2021\/07\/20-Chapelle-des-Marons-1-1536x1024.jpg 1536w, https:\/\/ilovevirton.be\/wp-content\/uploads\/2021\/07\/20-Chapelle-des-Marons-1-2048x1365.jpg 2048w, https:\/\/ilovevirton.be\/wp-content\/uploads\/2021\/07\/20-Chapelle-des-Marons-1-800x533.jpg 800w, https:\/\/ilovevirton.be\/wp-content\/uploads\/2021\/07\/20-Chapelle-des-Marons-1-320x213.jpg 320w\" sizes=\"(max-width: 2560px) 100vw, 2560px\" \/><\/span><\/div><div class=\"bt_bb_separator bt_bb_border_style_none bt_bb_bottom_spacing_normal\" data-bt-override-class=\"null\"><\/div><\/div><\/div><\/div><div  class=\"bt_bb_column col-xxl-6 col-xl-6 col-xs-12 col-sm-6 col-md-6 col-lg-6 bt_bb_vertical_align_top bt_bb_align_left bt_bb_padding_normal\" style=\"; --column-width:6;\" data-width=\"6\" data-bt-override-class=\"{}\"><div class=\"bt_bb_column_content\"><div class=\"bt_bb_column_content_inner\"><div class=\"bt_bb_separator bt_bb_border_style_none bt_bb_top_spacing_small\" data-bt-override-class=\"null\"><\/div><header class=\"bt_bb_headline bt_bb_dash_none bt_bb_subheadline bt_bb_size_inherit bt_bb_align_inherit\" data-bt-override-class=\"{&quot;bt_bb_size_&quot;:{&quot;current_class&quot;:&quot;bt_bb_size_inherit&quot;,&quot;def&quot;:&quot;inherit&quot;,&quot;xl&quot;:&quot;inherit&quot;},&quot;bt_bb_align_&quot;:{&quot;current_class&quot;:&quot;bt_bb_align_inherit&quot;,&quot;def&quot;:&quot;inherit&quot;,&quot;xl&quot;:&quot;inherit&quot;}}\"><div class=\"bt_bb_headline_subheadline\">Implant\u00e9e sur le versant d\u2019une colline, cette petite chapelle a \u00e9t\u00e9 \u00e9rig\u00e9e au d\u00e9but du 17e si\u00e8cle. De plan quadrangulaire, elle est entour\u00e9e de quatre v\u00e9n\u00e9rables tilleuls. Bien que son origine soit inconnue, on la d\u00e9nomme chapelle \u00ab Maron \u00bb ou \u00ab des Marrons \u00bb, nom qui proviendrait d\u2019un patronyme aujourd\u2019hui disparu. Ce certain Maron poss\u00e9dait \u00e0 l\u2019\u00e9poque un champ \u00e0 l\u2019endroit de cette chapelle. Aujourd\u2019hui entour\u00e9e par un quartier d\u2019habitation, elle \u00e9tait \u00e0 l\u2019\u00e9poque isol\u00e9e, \u00e0 mi-chemin entre Virton et Vieux-Virton. \u00c9rig\u00e9e en pierres de taille chaul\u00e9es, elle est surmont\u00e9e d\u2019un toit recouvert de tuiles canal. Elle pr\u00e9sente quatre ouvertures en fa\u00e7ade : une porte surmont\u00e9e d\u2019un oculus et encadr\u00e9e de deux ouvertures aujourd\u2019hui obtur\u00e9es. Une tradition malheureusement inv\u00e9rifiable nous apprend que ces ouvertures permettaient aux l\u00e9preux de pouvoir assister aux offices. D\u2019autres informations indiquent que ces ouvertures auraient peut-\u00eatre servi pour les offrandes en nature. Une fen\u00eatre se trouve \u00e9galement sur chaque c\u00f4t\u00e9 de l\u2019\u00e9difice qui a r\u00e9cemment b\u00e9n\u00e9fici\u00e9 d\u2019une belle restauration.<\/div><\/header><div class=\"bt_bb_separator bt_bb_border_style_none bt_bb_bottom_spacing_normal\" data-bt-override-class=\"null\"><\/div><header class=\"bt_bb_headline bt_bb_dash_none bt_bb_subheadline bt_bb_size_inherit bt_bb_align_inherit\" data-bt-override-class=\"{&quot;bt_bb_size_&quot;:{&quot;current_class&quot;:&quot;bt_bb_size_inherit&quot;,&quot;def&quot;:&quot;inherit&quot;,&quot;xl&quot;:&quot;inherit&quot;},&quot;bt_bb_align_&quot;:{&quot;current_class&quot;:&quot;bt_bb_align_inherit&quot;,&quot;def&quot;:&quot;inherit&quot;,&quot;xl&quot;:&quot;inherit&quot;}}\"><h6 class=\"bt_bb_headline_tag\"><span class=\"bt_bb_headline_content\"><span>Informations<\/span><\/span><\/h6><div class=\"bt_bb_headline_subheadline\">Rue de Vieux Virton<br \/><br \/>\n6760 Virton<\/div><\/header><div class=\"bt_bb_separator bt_bb_border_style_none bt_bb_top_spacing_large bt_bb_bottom_spacing_large\" data-bt-override-class=\"null\"><\/div><\/div><\/div><\/div><\/div><\/div><\/div><!-- cell_inner --><\/div><!-- cell --><\/div><!-- port --><\/section>","protected":false},"excerpt":{"rendered":"","protected":false},"author":1,"featured_media":0,"parent":0,"menu_order":0,"comment_status":"closed","ping_status":"closed","template":"","meta":{"footnotes":""},"class_list":["post-598","page","type-page","status-publish","hentry"],"yoast_head":"<!-- This site is optimized with the Yoast SEO plugin v20.7 - https:\/\/yoast.com\/wordpress\/plugins\/seo\/ -->\n<title>Chapelle Maron \u00e0 Vieux-Virton - Syndicat d&#039;initiative de Virton<\/title>\n<meta name=\"robots\" content=\"index, follow, max-snippet:-1, max-image-preview:large, max-video-preview:-1\" \/>\n<link rel=\"canonical\" href=\"https:\/\/ilovevirton.be\/nl\/chapelle-maron-a-vieux-virton\/\" \/>\n<meta property=\"og:locale\" content=\"nl_NL\" \/>\n<meta property=\"og:type\" content=\"article\" \/>\n<meta property=\"og:title\" content=\"Chapelle Maron \u00e0 Vieux-Virton - Syndicat d&#039;initiative de Virton\" \/>\n<meta property=\"og:url\" content=\"https:\/\/ilovevirton.be\/nl\/chapelle-maron-a-vieux-virton\/\" \/>\n<meta property=\"og:site_name\" content=\"Syndicat d&#039;initiative de Virton\" \/>\n<meta property=\"article:publisher\" content=\"https:\/\/www.facebook.com\/sivirton\" \/>\n<meta name=\"twitter:card\" content=\"summary_large_image\" \/>\n<meta name=\"twitter:label1\" content=\"Geschatte leestijd\" \/>\n\t<meta name=\"twitter:data1\" content=\"4 minuten\" \/>\n<script type=\"application\/ld+json\" class=\"yoast-schema-graph\">{\"@context\":\"https:\/\/schema.org\",\"@graph\":[{\"@type\":\"WebPage\",\"@id\":\"https:\/\/ilovevirton.be\/chapelle-maron-a-vieux-virton\/\",\"url\":\"https:\/\/ilovevirton.be\/chapelle-maron-a-vieux-virton\/\",\"name\":\"Chapelle Maron \u00e0 Vieux-Virton - Syndicat d&#039;initiative de Virton\",\"isPartOf\":{\"@id\":\"https:\/\/ilovevirton.be\/#website\"},\"datePublished\":\"2021-08-20T12:18:08+00:00\",\"dateModified\":\"2021-08-20T12:18:08+00:00\",\"breadcrumb\":{\"@id\":\"https:\/\/ilovevirton.be\/chapelle-maron-a-vieux-virton\/#breadcrumb\"},\"inLanguage\":\"nl-NL\",\"potentialAction\":[{\"@type\":\"ReadAction\",\"target\":[\"https:\/\/ilovevirton.be\/chapelle-maron-a-vieux-virton\/\"]}]},{\"@type\":\"BreadcrumbList\",\"@id\":\"https:\/\/ilovevirton.be\/chapelle-maron-a-vieux-virton\/#breadcrumb\",\"itemListElement\":[{\"@type\":\"ListItem\",\"position\":1,\"name\":\"Accueil\",\"item\":\"https:\/\/ilovevirton.be\/\"},{\"@type\":\"ListItem\",\"position\":2,\"name\":\"Chapelle Maron \u00e0 Vieux-Virton\"}]},{\"@type\":\"WebSite\",\"@id\":\"https:\/\/ilovevirton.be\/#website\",\"url\":\"https:\/\/ilovevirton.be\/\",\"name\":\"ilovevirton\",\"description\":\"I Love Virton\",\"publisher\":{\"@id\":\"https:\/\/ilovevirton.be\/#organization\"},\"potentialAction\":[{\"@type\":\"SearchAction\",\"target\":{\"@type\":\"EntryPoint\",\"urlTemplate\":\"https:\/\/ilovevirton.be\/?s={search_term_string}\"},\"query-input\":\"required name=search_term_string\"}],\"inLanguage\":\"nl-NL\"},{\"@type\":\"Organization\",\"@id\":\"https:\/\/ilovevirton.be\/#organization\",\"name\":\"Syndicat d'initiative de Virton\",\"url\":\"https:\/\/ilovevirton.be\/\",\"logo\":{\"@type\":\"ImageObject\",\"inLanguage\":\"nl-NL\",\"@id\":\"https:\/\/ilovevirton.be\/#\/schema\/logo\/image\/\",\"url\":\"https:\/\/ilovevirton.be\/wp-content\/uploads\/2025\/02\/SI-vecto-seul-transparent.png\",\"contentUrl\":\"https:\/\/ilovevirton.be\/wp-content\/uploads\/2025\/02\/SI-vecto-seul-transparent.png\",\"width\":2481,\"height\":3508,\"caption\":\"Syndicat d'initiative de Virton\"},\"image\":{\"@id\":\"https:\/\/ilovevirton.be\/#\/schema\/logo\/image\/\"},\"sameAs\":[\"https:\/\/www.facebook.com\/sivirton\"]}]}<\/script>\n<!-- \/ Yoast SEO plugin. -->","yoast_head_json":{"title":"Chapelle Maron \u00e0 Vieux-Virton - Syndicat d&#039;initiative de Virton","robots":{"index":"index","follow":"follow","max-snippet":"max-snippet:-1","max-image-preview":"max-image-preview:large","max-video-preview":"max-video-preview:-1"},"canonical":"https:\/\/ilovevirton.be\/nl\/chapelle-maron-a-vieux-virton\/","og_locale":"nl_NL","og_type":"article","og_title":"Chapelle Maron \u00e0 Vieux-Virton - Syndicat d&#039;initiative de Virton","og_url":"https:\/\/ilovevirton.be\/nl\/chapelle-maron-a-vieux-virton\/","og_site_name":"Syndicat d&#039;initiative de Virton","article_publisher":"https:\/\/www.facebook.com\/sivirton","twitter_card":"summary_large_image","twitter_misc":{"Geschatte leestijd":"4 minuten"},"schema":{"@context":"https:\/\/schema.org","@graph":[{"@type":"WebPage","@id":"https:\/\/ilovevirton.be\/chapelle-maron-a-vieux-virton\/","url":"https:\/\/ilovevirton.be\/chapelle-maron-a-vieux-virton\/","name":"Chapelle Maron \u00e0 Vieux-Virton - Syndicat d&#039;initiative de Virton","isPartOf":{"@id":"https:\/\/ilovevirton.be\/#website"},"datePublished":"2021-08-20T12:18:08+00:00","dateModified":"2021-08-20T12:18:08+00:00","breadcrumb":{"@id":"https:\/\/ilovevirton.be\/chapelle-maron-a-vieux-virton\/#breadcrumb"},"inLanguage":"nl-NL","potentialAction":[{"@type":"ReadAction","target":["https:\/\/ilovevirton.be\/chapelle-maron-a-vieux-virton\/"]}]},{"@type":"BreadcrumbList","@id":"https:\/\/ilovevirton.be\/chapelle-maron-a-vieux-virton\/#breadcrumb","itemListElement":[{"@type":"ListItem","position":1,"name":"Accueil","item":"https:\/\/ilovevirton.be\/"},{"@type":"ListItem","position":2,"name":"Chapelle Maron \u00e0 Vieux-Virton"}]},{"@type":"WebSite","@id":"https:\/\/ilovevirton.be\/#website","url":"https:\/\/ilovevirton.be\/","name":"ilovevirton","description":"I Love Virton","publisher":{"@id":"https:\/\/ilovevirton.be\/#organization"},"potentialAction":[{"@type":"SearchAction","target":{"@type":"EntryPoint","urlTemplate":"https:\/\/ilovevirton.be\/?s={search_term_string}"},"query-input":"required name=search_term_string"}],"inLanguage":"nl-NL"},{"@type":"Organization","@id":"https:\/\/ilovevirton.be\/#organization","name":"Syndicat d'initiative de Virton","url":"https:\/\/ilovevirton.be\/","logo":{"@type":"ImageObject","inLanguage":"nl-NL","@id":"https:\/\/ilovevirton.be\/#\/schema\/logo\/image\/","url":"https:\/\/ilovevirton.be\/wp-content\/uploads\/2025\/02\/SI-vecto-seul-transparent.png","contentUrl":"https:\/\/ilovevirton.be\/wp-content\/uploads\/2025\/02\/SI-vecto-seul-transparent.png","width":2481,"height":3508,"caption":"Syndicat d'initiative de Virton"},"image":{"@id":"https:\/\/ilovevirton.be\/#\/schema\/logo\/image\/"},"sameAs":["https:\/\/www.facebook.com\/sivirton"]}]}},"_links":{"self":[{"href":"https:\/\/ilovevirton.be\/nl\/wp-json\/wp\/v2\/pages\/598","targetHints":{"allow":["GET"]}}],"collection":[{"href":"https:\/\/ilovevirton.be\/nl\/wp-json\/wp\/v2\/pages"}],"about":[{"href":"https:\/\/ilovevirton.be\/nl\/wp-json\/wp\/v2\/types\/page"}],"author":[{"embeddable":true,"href":"https:\/\/ilovevirton.be\/nl\/wp-json\/wp\/v2\/users\/1"}],"replies":[{"embeddable":true,"href":"https:\/\/ilovevirton.be\/nl\/wp-json\/wp\/v2\/comments?post=598"}],"version-history":[{"count":1,"href":"https:\/\/ilovevirton.be\/nl\/wp-json\/wp\/v2\/pages\/598\/revisions"}],"predecessor-version":[{"id":599,"href":"https:\/\/ilovevirton.be\/nl\/wp-json\/wp\/v2\/pages\/598\/revisions\/599"}],"wp:attachment":[{"href":"https:\/\/ilovevirton.be\/nl\/wp-json\/wp\/v2\/media?parent=598"}],"curies":[{"name":"wp","href":"https:\/\/api.w.org\/{rel}","templated":true}]}}